{"id":8,"date":"2018-04-27T08:31:16","date_gmt":"2018-04-27T06:31:16","guid":{"rendered":"http:\/\/colliewelt.de\/forevermindcollies\/?page_id=8"},"modified":"2024-08-19T16:03:31","modified_gmt":"2024-08-19T14:03:31","slug":"home","status":"publish","type":"page","link":"https:\/\/colliewelt.de\/forevermindcollies\/","title":{"rendered":"Home"},"content":{"rendered":"<section class=\"elementor-element elementor-element-6031209 elementor-section-boxed elementor-section-height-default elementor-section-height-default elementor-section elementor-top-section\" data-id=\"6031209\" data-element_type=\"section\">\n<div class=\"elementor-container elementor-column-gap-default\">\n<div class=\"elementor-row\">\n<div class=\"elementor-element elementor-element-5456911 elementor-column elementor-col-50 elementor-top-column\" data-id=\"5456911\" data-element_type=\"column\">\n<div class=\"elementor-column-wrap elementor-element-populated\">\n<div class=\"elementor-widget-wrap\">\n<section class=\"elementor-element elementor-element-fed57dc elementor-section-boxed elementor-section-height-default elementor-section-height-default elementor-section elementor-inner-section\" data-id=\"fed57dc\" data-element_type=\"section\">\n<div class=\"elementor-container elementor-column-gap-default\">\n<div class=\"elementor-row\">\n<div class=\"elementor-element elementor-element-1b7c2fb elementor-column elementor-col-50 elementor-inner-column\" data-id=\"1b7c2fb\" data-element_type=\"column\">\n<div class=\"elementor-column-wrap elementor-element-populated\">\n<div class=\"elementor-widget-wrap\">\n<div class=\"elementor-element elementor-element-e03b2a0 elementor-widget elementor-widget-spacer\" data-id=\"e03b2a0\" data-element_type=\"widget\" data-widget_type=\"spacer.default\">\n<div class=\"elementor-widget-container\">\n<div class=\"elementor-spacer\"><\/div>\n<\/div>\n<\/div>\n<\/div>\n<\/div>\n<\/div>\n<\/div>\n<\/div>\n<\/section>\n<\/div>\n<\/div>\n<\/div>\n<div class=\"elementor-element elementor-element-f875162 elementor-column elementor-col-50 elementor-top-column\" data-id=\"f875162\" data-element_type=\"column\">\n<div class=\"elementor-column-wrap elementor-element-populated\">\n<div class=\"elementor-widget-wrap\">\n<section class=\"elementor-element elementor-element-bd2f183 elementor-section-boxed elementor-section-height-default elementor-section-height-default elementor-section elementor-inner-section\" data-id=\"bd2f183\" data-element_type=\"section\">\n<div class=\"elementor-container elementor-column-gap-default\">\n<div class=\"elementor-row\">\n<div class=\"elementor-element elementor-element-b86169f elementor-column elementor-col-100 elementor-inner-column\" data-id=\"b86169f\" data-element_type=\"column\">\n<div class=\"elementor-column-wrap elementor-element-populated\">\n<div class=\"elementor-widget-wrap\">\n<div class=\"elementor-element elementor-element-ac03661 elementor-widget elementor-widget-image\" data-id=\"ac03661\" data-element_type=\"widget\" data-widget_type=\"image.default\">\n<div class=\"elementor-widget-container\">\n<div class=\"elementor-image\"><\/div>\n<\/div>\n<\/div>\n<div class=\"elementor-element elementor-element-62a0830 elementor-widget elementor-widget-spacer\" data-id=\"62a0830\" data-element_type=\"widget\" data-widget_type=\"spacer.default\">\n<div class=\"elementor-widget-container\">\n<div class=\"elementor-spacer\">\n<div class=\"elementor-spacer-inner\"><\/div>\n<\/div>\n<\/div>\n<\/div>\n<div class=\"elementor-element elementor-element-86db53c elementor-widget elementor-widget-image\" data-id=\"86db53c\" data-element_type=\"widget\" data-widget_type=\"image.default\">\n<div class=\"elementor-widget-container\">\n<div class=\"elementor-image\">\n<table style=\"width: 100%;\" border=\"0\" width=\"796\" align=\"center\">\n<tbody>\n<tr>\n<td style=\"width: 22.6582%;\"><\/td>\n<td style=\"width: 56.8354%;\">\n<p align=\"left\">\n<\/td>\n<td style=\"width: 19.114%;\"><\/td>\n<\/tr>\n<tr valign=\"top\">\n<td style=\"width: 22.6582%;\"><img loading=\"lazy\" decoding=\"async\" src=\"https:\/\/colliewelt.de\/forevermind\/Bilder\/Userbilder\/hs1.jpg\" alt=\" \" width=\"184\" height=\"124\" border=\"0\" \/><br \/>\n<img loading=\"lazy\" decoding=\"async\" src=\"https:\/\/colliewelt.de\/forevermind\/Bilder\/Userbilder\/hs3.jpg\" alt=\" \" width=\"184\" height=\"127\" border=\"0\" \/><img loading=\"lazy\" decoding=\"async\" src=\"https:\/\/colliewelt.de\/forevermind\/Bilder\/Userbilder\/alle4.jpg\" alt=\" \" width=\"187\" height=\"125\" border=\"0\" \/><\/td>\n<td style=\"width: 56.8354%;\" valign=\"top\">\n<p align=\"left\"><strong>Herzlich Willkommen!<\/strong><br \/>\nErleben Sie mit uns eine einzigartige Colliewelt mit unvergesslichen Impressionen\u00a0und besuchen Sie uns wieder!<br \/>\nLassen Sie sich von dieser wundervollen Rasse inspirieren und verzaubern und begeben Sie sich auf die Reise\u00a0zum Kennenlernen meiner\u00a0bezaubernden Collies!<br \/>\nLiebevolle Collies mit Charme, Charakter u. Ausdruck warten auf Sie!<br \/>\nAls Freund, Familie,\u00a0Ausstellung, Zucht und Hundesport u. v. m. 1. Platz erfolgreichster Nachwuchsz\u00fcchter 2011 lt. Auswertung Collie Revue Juni 2012 !!!<br \/>\nWir sind eine veterin\u00e4ramtlich zugelassene, kontrollierte und gepr\u00fcfte Colliezuchtst\u00e4tte in Bayern!<br \/>\nWir haben Collies zum Verlieben!\u00a0Ihr <u><strong>&#8220;Traumhund&#8221;<\/strong><\/u> wartet schon auf Sie!<\/p>\n<p align=\"left\">\n<\/td>\n<td style=\"width: 19.114%;\" align=\"center\" valign=\"top\"><img loading=\"lazy\" decoding=\"async\" src=\"https:\/\/colliewelt.de\/forevermind\/Bilder\/Userbilder\/dcc.png\" alt=\" \" width=\"51\" height=\"69\" border=\"0\" \/><\/p>\n<div>\n<p><img loading=\"lazy\" decoding=\"async\" src=\"https:\/\/colliewelt.de\/forevermind\/Bilder\/Userbilder\/vdh.png\" alt=\" \" width=\"79\" height=\"44\" border=\"0\" \/><\/p>\n<\/div>\n<div><img loading=\"lazy\" decoding=\"async\" src=\"https:\/\/colliewelt.de\/forevermind\/Bilder\/Userbilder\/fci.png\" alt=\" \" width=\"57\" height=\"57\" border=\"0\" \/><\/div>\n<\/td>\n<\/tr>\n<\/tbody>\n<\/table>\n<table border=\"0\" width=\"881\" align=\"center\">\n<tbody>\n<tr>\n<td>\n<div><img loading=\"lazy\" decoding=\"async\" class=\"wp-image-379 size-full aligncenter\" src=\"https:\/\/colliewelt.de\/forevermindcollies\/wp-content\/uploads\/2024\/08\/Zuechter-Plakette-2024.png\" alt=\"\" width=\"300\" height=\"193\" \/><\/div>\n<\/td>\n<\/tr>\n<\/tbody>\n<\/table>\n<\/div>\n<\/div>\n<\/div>\n<div class=\"elementor-element elementor-element-e2948a7 elementor-widget elementor-widget-spacer\" data-id=\"e2948a7\" data-element_type=\"widget\" data-widget_type=\"spacer.default\">\n<div class=\"elementor-widget-container\">\n<div class=\"elementor-spacer\">\n<div class=\"elementor-spacer-inner\"><\/div>\n<\/div>\n<\/div>\n<\/div>\n<div class=\"elementor-element elementor-element-9388a67 elementor-widget elementor-widget-image\" data-id=\"9388a67\" data-element_type=\"widget\" data-widget_type=\"image.default\">\n<div class=\"elementor-widget-container\">\n<div class=\"elementor-image\"><\/div>\n<\/div>\n<\/div>\n<\/div>\n<\/div>\n<\/div>\n<\/div>\n<\/div>\n<\/section>\n<\/div>\n<\/div>\n<\/div>\n<\/div>\n<\/div>\n<\/section>\n<section class=\"elementor-element elementor-element-944f4c6 elementor-section-boxed elementor-section-height-default elementor-section-height-default elementor-section elementor-top-section\" data-id=\"944f4c6\" data-element_type=\"section\">\n<div class=\"elementor-container elementor-column-gap-default\">\n<div class=\"elementor-row\">\n<div class=\"elementor-element elementor-element-db5f2db elementor-column elementor-col-100 elementor-top-column\" data-id=\"db5f2db\" data-element_type=\"column\">\n<div class=\"elementor-column-wrap elementor-element-populated\">\n<div class=\"elementor-widget-wrap\">\n<div class=\"elementor-element elementor-element-0f007fd elementor-widget elementor-widget-image\" data-id=\"0f007fd\" data-element_type=\"widget\" data-widget_type=\"image.default\">\n<div class=\"elementor-widget-container\">\n<div class=\"elementor-image\"><\/div>\n<\/div>\n<\/div>\n<\/div>\n<\/div>\n<\/div>\n<\/div>\n<\/div>\n<\/section>\n","protected":false},"excerpt":{"rendered":"<p>Herzlich Willkommen! Erleben Sie mit uns eine einzigartige Colliewelt mit unvergesslichen Impressionen\u00a0und besuchen Sie uns wieder! Lassen Sie sich von[&#8230;]<\/p>\n","protected":false},"author":1,"featured_media":0,"parent":0,"menu_order":0,"comment_status":"closed","ping_status":"closed","template":"template-fullwidth.php","meta":{"footnotes":""},"class_list":["post-8","page","type-page","status-publish","hentry"],"_links":{"self":[{"href":"https:\/\/colliewelt.de\/forevermindcollies\/wp-json\/wp\/v2\/pages\/8","targetHints":{"allow":["GET"]}}],"collection":[{"href":"https:\/\/colliewelt.de\/forevermindcollies\/wp-json\/wp\/v2\/pages"}],"about":[{"href":"https:\/\/colliewelt.de\/forevermindcollies\/wp-json\/wp\/v2\/types\/page"}],"author":[{"embeddable":true,"href":"https:\/\/colliewelt.de\/forevermindcollies\/wp-json\/wp\/v2\/users\/1"}],"replies":[{"embeddable":true,"href":"https:\/\/colliewelt.de\/forevermindcollies\/wp-json\/wp\/v2\/comments?post=8"}],"version-history":[{"count":16,"href":"https:\/\/colliewelt.de\/forevermindcollies\/wp-json\/wp\/v2\/pages\/8\/revisions"}],"predecessor-version":[{"id":380,"href":"https:\/\/colliewelt.de\/forevermindcollies\/wp-json\/wp\/v2\/pages\/8\/revisions\/380"}],"wp:attachment":[{"href":"https:\/\/colliewelt.de\/forevermindcollies\/wp-json\/wp\/v2\/media?parent=8"}],"curies":[{"name":"wp","href":"https:\/\/api.w.org\/{rel}","templated":true}]}}