{"id":43,"date":"2018-04-27T12:45:10","date_gmt":"2018-04-27T10:45:10","guid":{"rendered":"http:\/\/colliewelt.de\/forevermindcollies\/?page_id=43"},"modified":"2020-03-30T10:18:21","modified_gmt":"2020-03-30T08:18:21","slug":"service","status":"publish","type":"page","link":"https:\/\/colliewelt.de\/forevermindcollies\/service\/","title":{"rendered":"Service"},"content":{"rendered":"<p><strong>&#8230;das k\u00f6nnen wir Ihnen bieten:<\/strong><\/p>\n<p align=\"left\">Unsere Zucht Forever mind Collies haben wir vom Veterin\u00e4ramt des Landkreises Paffenhofen<br \/>\ngem\u00e4\u00df \u00a7 11 Abs. 1 Satz 1 Nr. 3 des Tierschutzgesetzes, mit Antrag vom April 2010<br \/>\nzum Z\u00fcchten, Halten und Kenntnisse \u00fcber Hunde im Juni 2010 pr\u00fcfen lassen.<\/p>\n<p>Die Zuchtst\u00e4tte wurde als ordnungsgem\u00e4\u00df und vorbildlich abgenommen,<br \/>\ndie Erlaubnis erteilt und best\u00e4tigt.<\/p>\n<p align=\"left\">\u2022\u00a0 Verantwortungsvolle und kontrollierte Zucht nach dem Deutschen Collie Club\/VDH\/FCI Standard<\/p>\n<p align=\"left\">\u2022 Wir sind durch regelm\u00e4\u00dfe Fortbildungsma\u00dfnahmen immer auf dem aktuellsten Stand!<\/p>\n<p align=\"left\">\u2022 VDH-Qualit\u00e4tsiegel &#8211; jedes Jahr neu!!!<\/p>\n<p align=\"left\">\u2022\u00a0 Zucht mit Liebe, Herz und Verstand<\/p>\n<p align=\"left\">\u2022\u00a0 Zucht aus internationalen Linien<\/p>\n<p align=\"left\">\u2022\u00a0 In meinem Traumberuf arbeite ich\u00a0halbtags im Bereich Tierschutz und Tiergesundheit<br \/>\nin der Registratur im Bayer. Staatsministerium f\u00fcr Umwelt und\u00a0Verbraucherschutz in M\u00fcnchen<\/p>\n<p align=\"left\">\u2022\u00a0 Langj\u00e4hrige Zuchterfahrung<\/p>\n<p><img decoding=\"async\" src=\"https:\/\/colliewelt.de\/forevermindcollies\/wp-content\/uploads\/2018\/04\/hedimitmaedels.jpg\" alt=\"\" \/><br \/>\n<img decoding=\"async\" src=\"http:\/\/colliewelt.de\/forevermindcollies\/wp-content\/uploads\/2018\/04\/10.jpg\" alt=\"\" \/><\/p>\n<ul>\n<li>Zuchtwartin des Deutschen Collies Clubs in Bayern<\/li>\n<\/ul>\n<p align=\"left\">\u2022 Sonderleiterin des Collie-Rings des Deutschen Collie Clubs alle 2 Jahre bei der Internationalen Hundeausstellung in der Olympiahalle M\u00fcnchen M\u00e4rz 2008, M\u00e4rz 2010, M\u00e4rz 2012<\/p>\n<p align=\"left\">\u2022\u00a0 Weiterbildung durch Seminare<br \/>\n(in Dortmund u. auf anderen Veranstaltungen)<\/p>\n<p align=\"left\">\u2022\u00a0 Optimale Aufzuchtsbedingungen<\/p>\n<p align=\"left\">\u2022\u00a0 Famili\u00e4res Umfeld<\/p>\n<p align=\"left\">\u2022\u00a0 Urlaubsbetreuung f\u00fcr Ihren Liebsten<\/p>\n<p align=\"left\">\u2022\u00a0\u00a0qualifizierter Hundesitter als Aushilfe\u00a0(Tierarzthelferin)<\/p>\n<p align=\"left\">\u2022\u00a0 Beratung u. Betreuung vor und nach dem Kauf<\/p>\n<p align=\"left\">\u2022\u00a0 Wir helfen Ihnen bei Fragen oder Problemen und stehen Ihnen ein Hundeleben lang zur Seite<\/p>\n<p align=\"left\">\u2022\u00a0 keine Zwingerhaltung, sondern freien Auslauf mit mehrmaligen Spaziergang<\/p>\n<p align=\"left\">\u2022\u00a0 Beheizbares Welpenhaus (ab der 4. Woche) mit Auslauf bzw. freier Zugang zur Gr\u00fcnfl\u00e4che<br \/>\nund verschiedene Bodenmaterialien zum Pr\u00e4gen des Welpens<\/p>\n<p align=\"left\">\u2022\u00a0 F\u00f6rderung der Balance, Motorik, Koordination\u00a0und geistige Besch\u00e4ftigung durch\u00a0die verschiedenen Spielger\u00e4te<br \/>\nStimmulierung durch\u00a0das vestibul\u00e4re System zur Wahrnehmung der Sinne<\/p>\n<p align=\"left\">\u2022\u00a0 Systematische Desensibilisierung und Pr\u00e4gung des Welpens bis zur Abgabe<\/p>\n<p align=\"left\">\u2022\u00a0 mehrere Autofahrten mit den Welpen<\/p>\n<p align=\"left\">\u2022\u00a0 Collietreffen<\/p>\n<p align=\"left\">\u2022\u00a0 Hundef\u00fchrer-Lizenz<\/p>\n<p align=\"left\">\u2022\u00a0 Zeitiges Kennen lernen der Welpen bei gem\u00fctlichem Beisammensein der Welpenk\u00e4ufer mit Kaffee und Kuchen<\/p>\n<p align=\"left\">\u2022\u00a0\u00a0Zuchtwartkontrolle der Welpen<\/p>\n<p align=\"left\">\u2022\u00a0 Tierarztbesuch in der 4. Woche (chippen + MDR 1 Test)<\/p>\n<p align=\"left\">\u2022\u00a0 Tierarztbesuch in der 8. Woche zum Impfen<\/p>\n<p align=\"left\">\u2022\u00a0\u00a0Fahrt zur Tierklinik zur Augenuntersuchung in der 8. Woche<\/p>\n<p align=\"left\">\u2022\u00a0 Auf Wunsch k\u00f6nnen wir die komplette Erstausstattung ihres Welpens<br \/>\n(Schlafgelegenheit, Leine, Halsband, Napf, B\u00fcrste, Kamm, Futter, Spielzeug, Kauartikel, u.v.m.) besorgen.<\/p>\n<p align=\"left\">\u2022\u00a0 Die neuen Hundeeltern bekommen neben dem Startpaket und vielen Tipps auch noch eine kleine \u00dcberraschung!<\/p>\n<p align=\"left\">\u2022\u00a0 \u00dcberzeugen Sie sich selbst und vereinbaren Sie mit uns eine Schnupperstunde<br \/>\num uns und die bezaubernden Collies Kennenzulernen!<\/p>\n","protected":false},"excerpt":{"rendered":"<p>&#8230;das k\u00f6nnen wir Ihnen bieten: Unsere Zucht Forever mind Collies haben wir vom Veterin\u00e4ramt des Landkreises Paffenhofen gem\u00e4\u00df \u00a7 11[&#8230;]<\/p>\n","protected":false},"author":1,"featured_media":0,"parent":0,"menu_order":0,"comment_status":"closed","ping_status":"closed","template":"template-fullwidth.php","meta":{"footnotes":""},"class_list":["post-43","page","type-page","status-publish","hentry"],"_links":{"self":[{"href":"https:\/\/colliewelt.de\/forevermindcollies\/wp-json\/wp\/v2\/pages\/43","targetHints":{"allow":["GET"]}}],"collection":[{"href":"https:\/\/colliewelt.de\/forevermindcollies\/wp-json\/wp\/v2\/pages"}],"about":[{"href":"https:\/\/colliewelt.de\/forevermindcollies\/wp-json\/wp\/v2\/types\/page"}],"author":[{"embeddable":true,"href":"https:\/\/colliewelt.de\/forevermindcollies\/wp-json\/wp\/v2\/users\/1"}],"replies":[{"embeddable":true,"href":"https:\/\/colliewelt.de\/forevermindcollies\/wp-json\/wp\/v2\/comments?post=43"}],"version-history":[{"count":5,"href":"https:\/\/colliewelt.de\/forevermindcollies\/wp-json\/wp\/v2\/pages\/43\/revisions"}],"predecessor-version":[{"id":371,"href":"https:\/\/colliewelt.de\/forevermindcollies\/wp-json\/wp\/v2\/pages\/43\/revisions\/371"}],"wp:attachment":[{"href":"https:\/\/colliewelt.de\/forevermindcollies\/wp-json\/wp\/v2\/media?parent=43"}],"curies":[{"name":"wp","href":"https:\/\/api.w.org\/{rel}","templated":true}]}}