{"id":41,"date":"2018-04-27T12:44:35","date_gmt":"2018-04-27T10:44:35","guid":{"rendered":"http:\/\/colliewelt.de\/forevermindcollies\/?page_id=41"},"modified":"2020-03-28T08:17:52","modified_gmt":"2020-03-28T07:17:52","slug":"ueber-uns","status":"publish","type":"page","link":"https:\/\/colliewelt.de\/forevermindcollies\/ueber-uns\/","title":{"rendered":"\u00dcber uns"},"content":{"rendered":"<h2 style=\"text-align: justify;\" align=\"left\"><u><strong>Forever \u2013 \u201ef\u00fcr immer\u201c<\/strong> <\/u><\/h2>\n<p style=\"text-align: justify;\" align=\"left\">Seit meiner Kindheit, die ich mit sieben Geschwistern und den kinderfreundlichen Collies verbringen durfte, geh\u00f6rt meine Liebe diesen wunderbaren Tieren. Die unbeschwerte Zeit mit ihnen hat mich viel gelehrt und es entstand eine tiefe Zuneigung und Vertrauen. Diese Erfahrungen und die Verbundenheit f\u00fchrten mich schlie\u00dflich dazu, diese wundervollen Hunde zu z\u00fcchten.<\/p>\n<p style=\"text-align: justify;\" align=\"left\">Der Collie ist f\u00fcr uns der absolute Traum- bzw. Familienhund. Er verk\u00f6rpert Sch\u00f6nheit, Klugheit, Wesensfestigkeit, und das liebe, anh\u00e4ngliche und charmante Wesen, das jeden \u201eZweibeiner\u201c verzaubert.<\/p>\n<p style=\"text-align: justify;\" align=\"left\">Was ihn als Familienhund auszeichnet, ist sein \u201eH\u00fcteinstinkt\u201c.<\/p>\n<p style=\"text-align: justify;\" align=\"left\">Er h\u00e4lt \u201eseine\u201c Familie zusammen, besch\u00fctzt und beh\u00fctet Kinder und Tiere.<\/p>\n<p style=\"text-align: justify;\" align=\"left\">Unsere Collies, die abwechselnd im Haus oder im Garten schlafen, gehen mehrmals t\u00e4glich mit uns spazieren und lieben ihre Freiheit, die sie bei uns auch leben k\u00f6nnen, denn es gibt bei uns keine Zwingerhaltung.<\/p>\n<p style=\"text-align: justify;\" align=\"left\">Immer wieder genie\u00dfen sie die Gesellschaft von bei uns in Urlaubspflege gegebenen Collies.<\/p>\n<p style=\"text-align: justify;\" align=\"left\">Ihre Sch\u00fctzlinge sind bei uns in allerbesten H\u00e4nden!<\/p>\n<p style=\"text-align: justify;\" align=\"left\">Nach 8-j\u00e4hriger Colliezuchterfahrung habe ich mich nun entschlossen, zum Verband des Deutschen Collie Clubs und des VDH\/FCI zu wechseln. Unter dem neuen Zwingernamen \u201eForever mind\u201c Collies, der mit 23.06.2006 vom DCC\/VDH\/FCI gesch\u00fctzt wurde, starte ich nun mit meinen neuen Collies aus internationalen Linien.<\/p>\n<p style=\"text-align: justify;\" align=\"left\">Unser Ziel ist es, nach dem Standard des Deutschen Collie Clubs\/VDH\/FCI zu z\u00fcchten, und wir sind davon \u00fcberzeugt, dass Welpen geboren werden, die die besten Eigenschaften f\u00fcr ihren Start und ihr Leben bei den neuen Hundeeltern mitbringen.<\/p>\n<p style=\"text-align: justify;\" align=\"left\">Unsere Zuchtphilosophie garantiert gut sozialisierte, intelligente, gepr\u00e4gte, gesunde, sch\u00f6ne u. fr\u00f6hliche Collies zu z\u00fcchten, die nicht nur als Familienhunde, sondern in allen Bereichen des Lebens gefragt sind.<\/p>\n<p style=\"text-align: justify;\" align=\"left\">Bei uns finden Sie bestimmt Ihren Traumhund f\u00fcr Familie, Zucht, Ausstellung, Sport oder als Therapiehund \u2013 und als treuen Freund.<\/p>\n<p style=\"text-align: justify;\" align=\"left\">Wir w\u00fcrden uns freuen, Interessenten f\u00fcr einen \u201eTraumhund\u201c aus unserer Familie fr\u00fch kennen zu lernen.<\/p>\n<p style=\"text-align: justify;\" align=\"left\">Das Z\u00fcchten ist f\u00fcr uns eine gro\u00dfe Leidenschaft. Die Liebe und Sorgfalt, mit der wir die Welpen gro\u00dfziehen, schl\u00e4gt sich auch in ihrem Charakter nieder und macht sie dadurch zu \u201eeinzigartigen\u201c und \u201eunverwechselbaren\u201c Collies aus unserer Zucht.<\/p>\n<p style=\"text-align: justify;\" align=\"left\">Obwohl wir ein kleiner Colliezwinger mit h\u00f6chstens 1 \u2013 2 W\u00fcrfen pro Jahr sind, ist es unser Bestreben, zu den besten Z\u00fcchtern zu geh\u00f6ren!<\/p>\n<p style=\"text-align: justify;\" align=\"left\">\u201eTr\u00e4ume und Ziele zu verwirklichen !\u201c lautet unser Motto!<\/p>\n<p style=\"text-align: justify;\" align=\"left\">Ihr&nbsp;\u201eTraumhund\u201c wartet schon auf Sie!<\/p>\n<p style=\"text-align: justify;\" align=\"left\">\u00dcberzeugen Sie sich selbst und vereinbaren Sie eine Schnupperstunde bei uns.<\/p>\n<p style=\"text-align: justify;\" align=\"left\">Forever mind<br \/>\nIhre Familie<br \/>\nHedi u. Norbert Prummer<br \/>\nSabrina, Julian und Tristan<\/p>\n<figure>\n\t\t\t\t\t\t\t\t\t\t<img loading=\"lazy\" decoding=\"async\" src=\"http:\/\/colliewelt.de\/forevermindcollies\/wp-content\/uploads\/2018\/04\/hn.jpg\" alt=\"\" srcset=\"http:\/\/colliewelt.de\/forevermindcollies\/wp-content\/uploads\/2018\/04\/hn.jpg 640w, http:\/\/colliewelt.de\/forevermindcollies\/wp-content\/uploads\/2018\/04\/hn-300x225.jpg 300w\" sizes=\"auto, (max-width: 640px) 100vw, 640px\" width=\"640\" height=\"480\"><figcaption>Hedi und Norbert<\/figcaption><\/figure>\n<figure>\n\t\t\t\t\t\t\t\t\t\t<img loading=\"lazy\" decoding=\"async\" src=\"http:\/\/colliewelt.de\/forevermindcollies\/wp-content\/uploads\/2018\/04\/k-1024x541.jpg\" alt=\"\" srcset=\"http:\/\/colliewelt.de\/forevermindcollies\/wp-content\/uploads\/2018\/04\/k.jpg 1024w, http:\/\/colliewelt.de\/forevermindcollies\/wp-content\/uploads\/2018\/04\/k-300x158.jpg 300w, http:\/\/colliewelt.de\/forevermindcollies\/wp-content\/uploads\/2018\/04\/k-768x406.jpg 768w\" sizes=\"auto, (max-width: 840px) 100vw, 840px\" width=\"840\" height=\"444\"><figcaption>Unsere Kinder<\/figcaption><\/figure>\n<figure>\n\t\t\t\t\t\t\t\t\t\t<img loading=\"lazy\" decoding=\"async\" src=\"http:\/\/colliewelt.de\/forevermindcollies\/wp-content\/uploads\/2018\/04\/n-1024x683.jpg\" alt=\"\" srcset=\"http:\/\/colliewelt.de\/forevermindcollies\/wp-content\/uploads\/2018\/04\/n.jpg 1024w, http:\/\/colliewelt.de\/forevermindcollies\/wp-content\/uploads\/2018\/04\/n-300x200.jpg 300w, http:\/\/colliewelt.de\/forevermindcollies\/wp-content\/uploads\/2018\/04\/n-768x512.jpg 768w, http:\/\/colliewelt.de\/forevermindcollies\/wp-content\/uploads\/2018\/04\/n-840x560.jpg 840w, http:\/\/colliewelt.de\/forevermindcollies\/wp-content\/uploads\/2018\/04\/n-120x80.jpg 120w, http:\/\/colliewelt.de\/forevermindcollies\/wp-content\/uploads\/2018\/04\/n-360x240.jpg 360w, http:\/\/colliewelt.de\/forevermindcollies\/wp-content\/uploads\/2018\/04\/n-600x400.jpg 600w\" sizes=\"auto, (max-width: 840px) 100vw, 840px\" width=\"840\" height=\"560\"><figcaption>Norbert mit Funny<\/figcaption><\/figure>\n<figure>\n\t\t\t\t\t\t\t\t\t\t<img loading=\"lazy\" decoding=\"async\" src=\"http:\/\/colliewelt.de\/forevermindcollies\/wp-content\/uploads\/2018\/04\/haus.jpg\" alt=\"\" srcset=\"http:\/\/colliewelt.de\/forevermindcollies\/wp-content\/uploads\/2018\/04\/haus.jpg 400w, http:\/\/colliewelt.de\/forevermindcollies\/wp-content\/uploads\/2018\/04\/haus-300x182.jpg 300w\" sizes=\"auto, (max-width: 400px) 100vw, 400px\" width=\"400\" height=\"242\"><figcaption>Unser Haus<\/figcaption><\/figure>\n","protected":false},"excerpt":{"rendered":"<p>Forever \u2013 \u201ef\u00fcr immer\u201c Seit meiner Kindheit, die ich mit sieben Geschwistern und den kinderfreundlichen Collies verbringen durfte, geh\u00f6rt meine[&#8230;]<\/p>\n","protected":false},"author":1,"featured_media":0,"parent":0,"menu_order":0,"comment_status":"closed","ping_status":"closed","template":"","meta":{"footnotes":""},"class_list":["post-41","page","type-page","status-publish","hentry"],"_links":{"self":[{"href":"https:\/\/colliewelt.de\/forevermindcollies\/wp-json\/wp\/v2\/pages\/41","targetHints":{"allow":["GET"]}}],"collection":[{"href":"https:\/\/colliewelt.de\/forevermindcollies\/wp-json\/wp\/v2\/pages"}],"about":[{"href":"https:\/\/colliewelt.de\/forevermindcollies\/wp-json\/wp\/v2\/types\/page"}],"author":[{"embeddable":true,"href":"https:\/\/colliewelt.de\/forevermindcollies\/wp-json\/wp\/v2\/users\/1"}],"replies":[{"embeddable":true,"href":"https:\/\/colliewelt.de\/forevermindcollies\/wp-json\/wp\/v2\/comments?post=41"}],"version-history":[{"count":7,"href":"https:\/\/colliewelt.de\/forevermindcollies\/wp-json\/wp\/v2\/pages\/41\/revisions"}],"predecessor-version":[{"id":191,"href":"https:\/\/colliewelt.de\/forevermindcollies\/wp-json\/wp\/v2\/pages\/41\/revisions\/191"}],"wp:attachment":[{"href":"https:\/\/colliewelt.de\/forevermindcollies\/wp-json\/wp\/v2\/media?parent=41"}],"curies":[{"name":"wp","href":"https:\/\/api.w.org\/{rel}","templated":true}]}}